{"id":2742,"date":"2024-08-26T11:37:31","date_gmt":"2024-08-26T11:37:31","guid":{"rendered":"https:\/\/www.camerapil.com\/?page_id=2742"},"modified":"2024-08-29T09:39:21","modified_gmt":"2024-08-29T09:39:21","slug":"werkwijze-camerapil-bv","status":"publish","type":"page","link":"https:\/\/camerapil.com\/index.php\/werkwijze-camerapil-bv\/","title":{"rendered":"Werkwijze CameraPil bv"},"content":{"rendered":"\t\t<div data-elementor-type=\"wp-page\" data-elementor-id=\"2742\" class=\"elementor elementor-2742\">\n\t\t\t\t\t\t<section class=\"elementor-section elementor-top-section elementor-element elementor-element-0b740d8 elementor-section-boxed elementor-section-height-default elementor-section-height-default\" data-id=\"0b740d8\" data-element_type=\"section\" data-e-type=\"section\" data-settings=\"{&quot;background_background&quot;:&quot;classic&quot;}\">\n\t\t\t\t\t\t<div class=\"elementor-container elementor-column-gap-default\">\n\t\t\t\t\t<div class=\"elementor-column elementor-col-100 elementor-top-column elementor-element elementor-element-55e3210\" data-id=\"55e3210\" data-element_type=\"column\" data-e-type=\"column\">\n\t\t\t<div class=\"elementor-widget-wrap elementor-element-populated\">\n\t\t\t\t\t\t<div class=\"elementor-element elementor-element-0439481 elementor-widget elementor-widget-heading\" data-id=\"0439481\" data-element_type=\"widget\" data-e-type=\"widget\" data-widget_type=\"heading.default\">\n\t\t\t\t<div class=\"elementor-widget-container\">\n\t\t\t\t\t<h2 class=\"elementor-heading-title elementor-size-default\">Werkwijze CameraPil bv<\/h2>\t\t\t\t<\/div>\n\t\t\t\t<\/div>\n\t\t\t\t\t<\/div>\n\t\t<\/div>\n\t\t\t\t\t<\/div>\n\t\t<\/section>\n\t\t\t\t<section class=\"elementor-section elementor-top-section elementor-element elementor-element-12f8d03 elementor-section-boxed elementor-section-height-default elementor-section-height-default\" data-id=\"12f8d03\" data-element_type=\"section\" data-e-type=\"section\">\n\t\t\t\t\t\t<div class=\"elementor-container elementor-column-gap-default\">\n\t\t\t\t\t<div class=\"elementor-column elementor-col-100 elementor-top-column elementor-element elementor-element-9cebcd8\" data-id=\"9cebcd8\" data-element_type=\"column\" data-e-type=\"column\">\n\t\t\t<div class=\"elementor-widget-wrap elementor-element-populated\">\n\t\t\t\t\t\t<div class=\"elementor-element elementor-element-ad8c341 elementor-widget__width-initial elementor-widget-tablet__width-initial elementor-invisible elementor-widget elementor-widget-text-editor\" data-id=\"ad8c341\" data-element_type=\"widget\" data-e-type=\"widget\" data-settings=\"{&quot;_animation&quot;:&quot;fadeIn&quot;,&quot;_animation_delay&quot;:600}\" data-widget_type=\"text-editor.default\">\n\t\t\t\t<div class=\"elementor-widget-container\">\n\t\t\t\t\t\t\t\t\t<p style=\"font-weight: 400;\">Voor het in beeld brengen van de dunne darm wordt gebruik gemaakt van de CapsoCam Plus<sup>\u00ae<\/sup>-capsule. Deze capsule heeft een registratieduur van ca. 15 tot 20 uur en heeft de grootte van een grote multivitaminepil. Voor meer informatie over deze capsule, verwijzen we naar de CapsoCam Plus-pagina.<\/p>\t\t\t\t\t\t\t\t<\/div>\n\t\t\t\t<\/div>\n\t\t\t\t\t<\/div>\n\t\t<\/div>\n\t\t\t\t\t<\/div>\n\t\t<\/section>\n\t\t\t\t<section class=\"elementor-section elementor-top-section elementor-element elementor-element-9f3c192 elementor-section-boxed elementor-section-height-default elementor-section-height-default\" data-id=\"9f3c192\" data-element_type=\"section\" data-e-type=\"section\">\n\t\t\t\t\t\t<div class=\"elementor-container elementor-column-gap-default\">\n\t\t\t\t\t<div class=\"elementor-column elementor-col-100 elementor-top-column elementor-element elementor-element-4881040\" data-id=\"4881040\" data-element_type=\"column\" data-e-type=\"column\">\n\t\t\t<div class=\"elementor-widget-wrap elementor-element-populated\">\n\t\t\t\t\t\t<div class=\"elementor-element elementor-element-ba0fb4b elementor-widget elementor-widget-image\" data-id=\"ba0fb4b\" data-element_type=\"widget\" data-e-type=\"widget\" data-widget_type=\"image.default\">\n\t\t\t\t<div class=\"elementor-widget-container\">\n\t\t\t\t\t\t\t\t\t\t\t\t\t\t\t<img decoding=\"async\" src=\"https:\/\/camerapil.com\/wp-content\/uploads\/2024\/08\/CV5-Celiac-Disease.tif\" class=\"attachment-full size-full wp-image-2745\" alt=\"\" \/>\t\t\t\t\t\t\t\t\t\t\t\t\t\t\t<\/div>\n\t\t\t\t<\/div>\n\t\t\t\t\t<\/div>\n\t\t<\/div>\n\t\t\t\t\t<\/div>\n\t\t<\/section>\n\t\t\t\t<section class=\"elementor-section elementor-top-section elementor-element elementor-element-e8377c7 elementor-section-boxed elementor-section-height-default elementor-section-height-default\" data-id=\"e8377c7\" data-element_type=\"section\" data-e-type=\"section\">\n\t\t\t\t\t\t<div class=\"elementor-container elementor-column-gap-default\">\n\t\t\t\t\t<div class=\"elementor-column elementor-col-100 elementor-top-column elementor-element elementor-element-88f4485\" data-id=\"88f4485\" data-element_type=\"column\" data-e-type=\"column\">\n\t\t\t<div class=\"elementor-widget-wrap elementor-element-populated\">\n\t\t\t\t\t\t<div class=\"elementor-element elementor-element-2f39eb6 elementor-widget__width-initial elementor-widget-tablet__width-initial elementor-invisible elementor-widget elementor-widget-text-editor\" data-id=\"2f39eb6\" data-element_type=\"widget\" data-e-type=\"widget\" data-settings=\"{&quot;_animation&quot;:&quot;fadeIn&quot;,&quot;_animation_delay&quot;:600}\" data-widget_type=\"text-editor.default\">\n\t\t\t\t<div class=\"elementor-widget-container\">\n\t\t\t\t\t\t\t\t\t<p style=\"font-weight: 400;\">Pati\u00ebnten die in aanmerking kunnen komen voor een VCE-onderzoek zijn pati\u00ebnten met:<\/p><ul><li>gastro-intestinaal bloedverlies zonder focus bij gastro-en coloscopie (OGIB=obscure gastrointestinal blood loss);<\/li><li>ijzergebreksanemie;<\/li><li>inflammatory bowel disease (IBD), M. Crohn in het bijzonder;<\/li><li>verdenking maligniteit dunne darm (adenocarcinoom, lymfoom, metastase van andere primaire tumor);<\/li><li>(refractaire) coeliakie (ulceratieve jejunitis, enteropathic associated T-cell lymphoma (EATL);<\/li><li>familiaire polyposissyndromen;<\/li><li>Peutz-Jeghers syndroom.<\/li><\/ul>\t\t\t\t\t\t\t\t<\/div>\n\t\t\t\t<\/div>\n\t\t\t\t\t<\/div>\n\t\t<\/div>\n\t\t\t\t\t<\/div>\n\t\t<\/section>\n\t\t\t\t<section class=\"elementor-section elementor-top-section elementor-element elementor-element-77141e1 elementor-section-boxed elementor-section-height-default elementor-section-height-default\" data-id=\"77141e1\" data-element_type=\"section\" data-e-type=\"section\">\n\t\t\t\t\t\t<div class=\"elementor-container elementor-column-gap-default\">\n\t\t\t\t\t<div class=\"elementor-column elementor-col-100 elementor-top-column elementor-element elementor-element-133c6f6\" data-id=\"133c6f6\" data-element_type=\"column\" data-e-type=\"column\">\n\t\t\t<div class=\"elementor-widget-wrap elementor-element-populated\">\n\t\t\t\t\t\t<div class=\"elementor-element elementor-element-a5ea5c7 elementor-widget elementor-widget-image\" data-id=\"a5ea5c7\" data-element_type=\"widget\" data-e-type=\"widget\" data-widget_type=\"image.default\">\n\t\t\t\t<div class=\"elementor-widget-container\">\n\t\t\t\t\t\t\t\t\t\t\t\t\t\t\t<img decoding=\"async\" src=\"https:\/\/camerapil.com\/wp-content\/uploads\/2024\/08\/CV2-Melanoma.tif\" class=\"attachment-full size-full wp-image-2744\" alt=\"\" \/>\t\t\t\t\t\t\t\t\t\t\t\t\t\t\t<\/div>\n\t\t\t\t<\/div>\n\t\t\t\t\t<\/div>\n\t\t<\/div>\n\t\t\t\t\t<\/div>\n\t\t<\/section>\n\t\t\t\t<section class=\"elementor-section elementor-top-section elementor-element elementor-element-ceedb83 elementor-section-boxed elementor-section-height-default elementor-section-height-default\" data-id=\"ceedb83\" data-element_type=\"section\" data-e-type=\"section\">\n\t\t\t\t\t\t<div class=\"elementor-container elementor-column-gap-default\">\n\t\t\t\t\t<div class=\"elementor-column elementor-col-100 elementor-top-column elementor-element elementor-element-f183995\" data-id=\"f183995\" data-element_type=\"column\" data-e-type=\"column\">\n\t\t\t<div class=\"elementor-widget-wrap elementor-element-populated\">\n\t\t\t\t\t\t<div class=\"elementor-element elementor-element-807045e elementor-widget__width-initial elementor-widget-tablet__width-initial elementor-invisible elementor-widget elementor-widget-text-editor\" data-id=\"807045e\" data-element_type=\"widget\" data-e-type=\"widget\" data-settings=\"{&quot;_animation&quot;:&quot;fadeIn&quot;,&quot;_animation_delay&quot;:600}\" data-widget_type=\"text-editor.default\">\n\t\t\t\t<div class=\"elementor-widget-container\">\n\t\t\t\t\t\t\t\t\t<p style=\"font-weight: 400;\">Hoe werkt het?<\/p><ul><li style=\"font-weight: 400;\">Stap 1: U meldt uw pati\u00ebnt aan via het <a href=\"https:\/\/camerapil.com\/index.php\/aanvraagformulier\/\"><strong>aanvraagformulier<\/strong><\/a>.<\/li><li style=\"font-weight: 400;\">Stap 2: Een verpleegkundige van CameraPil bv neemt contact op met de pati\u00ebnt en zorgt ervoor dat de pati\u00ebnt de benodigde materialen thuis ontvange. Deze verpleegkundige onderhoudt intensief contact met de pati\u00ebnt tijdens voorbereiding en uitvoering van de gehele procedure.<\/li><li style=\"font-weight: 400;\">Stap 3: De pati\u00ebnt vangt tijdens de toiletgang de capsule thuis weer op met de CapsoOpvang-kit en stuurt deze in een voorgefrankeerde retourenvelop naar CameraPil bv.<\/li><li style=\"font-weight: 400;\">Stap 4: De beelden worden gelezen en beoordeeld door een verpleegkundige en MDL-arts.<\/li><li style=\"font-weight: 400;\">Stap 5: U ontvangt uiterlijk binnen twee weken nadat CameraPil de capsule heeft ontvangen, een rapport met de bevindingen van het onderzoek, een conclusie en een advies.<\/li><\/ul>\t\t\t\t\t\t\t\t<\/div>\n\t\t\t\t<\/div>\n\t\t\t\t\t<\/div>\n\t\t<\/div>\n\t\t\t\t\t<\/div>\n\t\t<\/section>\n\t\t\t\t<section class=\"elementor-section elementor-top-section elementor-element elementor-element-9570bee elementor-section-boxed elementor-section-height-default elementor-section-height-default\" data-id=\"9570bee\" data-element_type=\"section\" data-e-type=\"section\">\n\t\t\t\t\t\t<div class=\"elementor-container elementor-column-gap-default\">\n\t\t\t\t\t<div class=\"elementor-column elementor-col-100 elementor-top-column elementor-element elementor-element-2cc9f09\" data-id=\"2cc9f09\" data-element_type=\"column\" data-e-type=\"column\">\n\t\t\t<div class=\"elementor-widget-wrap elementor-element-populated\">\n\t\t\t\t\t\t<div class=\"elementor-element elementor-element-e768c3f elementor-widget elementor-widget-image\" data-id=\"e768c3f\" data-element_type=\"widget\" data-e-type=\"widget\" data-widget_type=\"image.default\">\n\t\t\t\t<div class=\"elementor-widget-container\">\n\t\t\t\t\t\t\t\t\t\t\t\t\t\t\t<img decoding=\"async\" src=\"https:\/\/camerapil.com\/wp-content\/uploads\/2024\/08\/procedure-page_new-Access.tif\" class=\"attachment-full size-full wp-image-2746\" alt=\"\" \/>\t\t\t\t\t\t\t\t\t\t\t\t\t\t\t<\/div>\n\t\t\t\t<\/div>\n\t\t\t\t\t<\/div>\n\t\t<\/div>\n\t\t\t\t\t<\/div>\n\t\t<\/section>\n\t\t\t\t<\/div>\n\t\t","protected":false},"excerpt":{"rendered":"<p>Werkwijze CameraPil bv Voor het in beeld brengen van de dunne darm wordt gebruik gemaakt van de CapsoCam Plus\u00ae-capsule. Deze capsule heeft een registratieduur van ca. 15 tot 20 uur en heeft de grootte van een grote multivitaminepil. Voor meer informatie over deze capsule, verwijzen we naar de CapsoCam Plus-pagina. Pati\u00ebnten die in aanmerking kunnen [&hellip;]<\/p>\n","protected":false},"author":1,"featured_media":0,"parent":0,"menu_order":0,"comment_status":"closed","ping_status":"closed","template":"","meta":{"site-sidebar-layout":"no-sidebar","site-content-layout":"page-builder","ast-site-content-layout":"default","site-content-style":"default","site-sidebar-style":"default","ast-global-header-display":"","ast-banner-title-visibility":"","ast-main-header-display":"","ast-hfb-above-header-display":"","ast-hfb-below-header-display":"","ast-hfb-mobile-header-display":"","site-post-title":"disabled","ast-breadcrumbs-content":"","ast-featured-img":"disabled","footer-sml-layout":"","ast-disable-related-posts":"","theme-transparent-header-meta":"","adv-header-id-meta":"","stick-header-meta":"","header-above-stick-meta":"","header-main-stick-meta":"","header-below-stick-meta":"","astra-migrate-meta-layouts":"default","ast-page-background-enabled":"default","ast-page-background-meta":{"desktop":{"background-color":"var(--ast-global-color-4)","background-image":"","background-repeat":"repeat","background-position":"center center","background-size":"auto","background-attachment":"scroll","background-type":"","background-media":"","overlay-type":"","overlay-color":"","overlay-opacity":"","overlay-gradient":""},"tablet":{"background-color":"","background-image":"","background-repeat":"repeat","background-position":"center center","background-size":"auto","background-attachment":"scroll","background-type":"","background-media":"","overlay-type":"","overlay-color":"","overlay-opacity":"","overlay-gradient":""},"mobile":{"background-color":"","background-image":"","background-repeat":"repeat","background-position":"center center","background-size":"auto","background-attachment":"scroll","background-type":"","background-media":"","overlay-type":"","overlay-color":"","overlay-opacity":"","overlay-gradient":""}},"ast-content-background-meta":{"desktop":{"background-color":"var(--ast-global-color-5)","background-image":"","background-repeat":"repeat","background-position":"center center","background-size":"auto","background-attachment":"scroll","background-type":"","background-media":"","overlay-type":"","overlay-color":"","overlay-opacity":"","overlay-gradient":""},"tablet":{"background-color":"var(--ast-global-color-5)","background-image":"","background-repeat":"repeat","background-position":"center center","background-size":"auto","background-attachment":"scroll","background-type":"","background-media":"","overlay-type":"","overlay-color":"","overlay-opacity":"","overlay-gradient":""},"mobile":{"background-color":"var(--ast-global-color-5)","background-image":"","background-repeat":"repeat","background-position":"center center","background-size":"auto","background-attachment":"scroll","background-type":"","background-media":"","overlay-type":"","overlay-color":"","overlay-opacity":"","overlay-gradient":""}},"footnotes":""},"class_list":["post-2742","page","type-page","status-publish","hentry"],"_links":{"self":[{"href":"https:\/\/camerapil.com\/index.php\/wp-json\/wp\/v2\/pages\/2742","targetHints":{"allow":["GET"]}}],"collection":[{"href":"https:\/\/camerapil.com\/index.php\/wp-json\/wp\/v2\/pages"}],"about":[{"href":"https:\/\/camerapil.com\/index.php\/wp-json\/wp\/v2\/types\/page"}],"author":[{"embeddable":true,"href":"https:\/\/camerapil.com\/index.php\/wp-json\/wp\/v2\/users\/1"}],"replies":[{"embeddable":true,"href":"https:\/\/camerapil.com\/index.php\/wp-json\/wp\/v2\/comments?post=2742"}],"version-history":[{"count":13,"href":"https:\/\/camerapil.com\/index.php\/wp-json\/wp\/v2\/pages\/2742\/revisions"}],"predecessor-version":[{"id":3077,"href":"https:\/\/camerapil.com\/index.php\/wp-json\/wp\/v2\/pages\/2742\/revisions\/3077"}],"wp:attachment":[{"href":"https:\/\/camerapil.com\/index.php\/wp-json\/wp\/v2\/media?parent=2742"}],"curies":[{"name":"wp","href":"https:\/\/api.w.org\/{rel}","templated":true}]}}